{"id":12,"date":"2025-10-09T21:05:44","date_gmt":"2025-10-09T21:05:44","guid":{"rendered":"https:\/\/fanatic-sports.com\/?page_id=12"},"modified":"2026-02-11T00:58:27","modified_gmt":"2026-02-10T23:58:27","slug":"about","status":"publish","type":"page","link":"https:\/\/fanatic-sports.com\/de\/about\/","title":{"rendered":"\u00dcber uns"},"content":{"rendered":"<div class=\"wp-block-uagb-container uagb-block-259e360b alignfull uagb-is-root-container\"><div class=\"uagb-container-inner-blocks-wrap\">\n<div class=\"wp-block-uagb-info-box uagb-block-1f8d3237 uagb-infobox__content-wrap  uagb-infobox-icon-above-title uagb-infobox-image-valign-top\"><div class=\"uagb-ifb-content\"><div class=\"uagb-ifb-title-wrap\"><span class=\"uagb-ifb-title-prefix\">Sportliche Spitzenleistungen f\u00f6rdern<\/span><h1 class=\"uagb-ifb-title\">Leidenschaft und Leistung verbinden<\/h1><\/div><\/div><\/div>\n\n\n\n<div class=\"wp-block-uagb-image alignleft uagb-block-440ed655 wp-block-uagb-image--layout-default wp-block-uagb-image--effect-static wp-block-uagb-image--align-left\"><figure class=\"wp-block-uagb-image__figure\"><img decoding=\"async\" srcset=\"https:\/\/fanatic-sports.com\/wp-content\/uploads\/2026\/02\/Jeast-T4NC25-DJI_0210wed-PADDOCK-768x1024.jpg ,https:\/\/fanatic-sports.com\/wp-content\/uploads\/2026\/02\/Jeast-T4NC25-DJI_0210wed-PADDOCK-scaled.jpg 780w, https:\/\/fanatic-sports.com\/wp-content\/uploads\/2026\/02\/Jeast-T4NC25-DJI_0210wed-PADDOCK-scaled.jpg 360w\" sizes=\"auto, (max-width: 480px) 150px\" src=\"https:\/\/fanatic-sports.com\/wp-content\/uploads\/2026\/02\/Jeast-T4NC25-DJI_0210wed-PADDOCK-768x1024.jpg\" alt=\"jeast t4nc25 dji 0210wed paddock\" class=\"uag-image-1630\" width=\"1200\" height=\"550\" title=\"jeast t4nc25 dji 0210wed paddock\" loading=\"lazy\" role=\"img\"\/><\/figure><\/div>\n<\/div><\/div>\n\n\n\n<div class=\"wp-block-uagb-container uagb-block-8eea1311 alignfull uagb-is-root-container\"><div class=\"uagb-container-inner-blocks-wrap\">\n<div class=\"wp-block-uagb-info-box uagb-block-cb120112 uagb-infobox__content-wrap  uagb-infobox-icon-above-title uagb-infobox-image-valign-top\"><div class=\"uagb-ifb-content\"><div class=\"uagb-ifb-title-wrap\"><span class=\"uagb-ifb-title-prefix\">Wer wir sind<\/span><h2 class=\"uagb-ifb-title\">Entdecke Fanatic Sports: Leistung und Innovation neu definiert<\/h2><\/div><\/div><\/div>\n\n\n\n<div class=\"wp-block-uagb-container uagb-block-3b3a752f\">\n<div class=\"wp-block-uagb-info-box uagb-block-9fd98309 uagb-infobox__content-wrap  uagb-infobox-icon-above-title uagb-infobox-image-valign-top\"><div class=\"uagb-ifb-content\"><div class=\"uagb-ifb-title-wrap\"><span class=\"uagb-ifb-title-prefix\">Wir wollen einzigartige Sporterlebnisse schaffen, indem wir Wettkampf, Teamwork und Innovation f\u00fcr Sportler und Partner in ganz Europa miteinander verbinden.<\/span><p class=\"uagb-ifb-title\">Eine Gemeinschaft inspirieren, die durch Sport, Technologie und Leidenschaft vereint ist, Grenzen verschiebt und nachhaltige Wirkung erzielt.<\/p><\/div><\/div><\/div>\n\n\n\n<div class=\"wp-block-uagb-info-box uagb-block-ef565816 uagb-infobox__content-wrap  uagb-infobox-icon-above-title uagb-infobox-image-valign-top\"><div class=\"uagb-ifb-content\"><div class=\"uagb-ifb-title-wrap\"><p class=\"uagb-ifb-title-prefix\">Fanatic Sports ist ein internationales Sportunternehmen, das sich Spitzenleistungen bei professionellen Veranstaltungen, im Athletenmanagement und im Vertrieb von High-Performance Austr\u00fcstung in \u00d6sterreich und S\u00fcdosteuropa verschreibt.<\/p><p class=\"uagb-ifb-title\">Mit seinem umfangreichen Angebot an Dienstleistungen im Motorsport und im Veranstaltungsbereich zeichnet sich Fanatic Sports durch Innovation und Qualit\u00e4t aus. Das Unternehmen genie\u00dft das Vertrauen f\u00fchrender Marken und wurde f\u00fcr seinen Einfluss auf den regionalen Rennsport mehrfach ausgezeichnet.<\/p><\/div><p class=\"uagb-ifb-desc\">Fanatic Sports vereint Fachwissen und Kreativit\u00e4t und bietet au\u00dfergew\u00f6hnliche Erlebnisse auf und neben der Rennstrecke.<\/p><\/div><\/div>\n<\/div>\n<\/div><\/div>\n\n\n\n<div class=\"wp-block-uagb-container uagb-block-3af83f28 alignfull uagb-is-root-container\"><div class=\"uagb-container-inner-blocks-wrap\">\n<div class=\"wp-block-uagb-info-box uagb-block-60ea34d2 uagb-infobox__content-wrap  uagb-infobox-icon-above-title uagb-infobox-image-valign-top\"><div class=\"uagb-ifb-content\"><div class=\"uagb-ifb-title-wrap\"><h2 class=\"uagb-ifb-title\">Innovationen und Erfolge in der Welt des Sports<\/h2><\/div><\/div><\/div>\n\n\n\n<div class=\"wp-block-uagb-container uagb-block-11b05b9d\">\n<div class=\"wp-block-uagb-container uagb-block-ff5f3da2\">\n<div class=\"wp-block-uagb-advanced-heading uagb-block-039573fe\"><div class=\"uagb-separator\"><\/div><h3 class=\"uagb-heading-text\">Marktf\u00fchrerschaft<\/h3><p class=\"uagb-desc-text\">Anerkannt als f\u00fchrender Ausrichter der Tillotson T4 Racing Series in S\u00fcdosteuropa.<\/p><\/div>\n\n\n\n<div class=\"wp-block-uagb-advanced-heading uagb-block-4d1d1cc0\"><div class=\"uagb-separator\"><\/div><h3 class=\"uagb-heading-text\">Athletenmanagement<\/h3><p class=\"uagb-desc-text\">Erfolgreiches Management vielf\u00e4ltiger Athleten, F\u00f6rderung ihrer Karrieren und Leistungen auf und neben der Strecke.<\/p><\/div>\n<\/div>\n\n\n\n<div class=\"wp-block-uagb-container uagb-block-8b7beba1\">\n<div class=\"wp-block-uagb-advanced-heading uagb-block-780564e7\"><div class=\"uagb-separator\"><\/div><h3 class=\"uagb-heading-text\">Umfassender Vertrieb<\/h3><p class=\"uagb-desc-text\">Aufbau eines soliden Vertriebsnetzes f\u00fcr hochwertige Rennsportausr\u00fcstung und -bekleidung in der Region.<\/p><\/div>\n\n\n\n<div class=\"wp-block-uagb-advanced-heading uagb-block-fe7cc56a\"><div class=\"uagb-separator\"><\/div><h3 class=\"uagb-heading-text\">Innovative Eventgestaltung<\/h3><p class=\"uagb-desc-text\">Entwickeln von spannenden Unternehmens- und Multisportveranstaltungen, die Teamwork und Leistung f\u00f6rdern.<\/p><\/div>\n<\/div>\n<\/div>\n<\/div><\/div>\n\n\n\n<div class=\"wp-block-uagb-container uagb-block-ca981bea alignfull uagb-is-root-container\"><div class=\"uagb-container-inner-blocks-wrap\"><\/div><\/div>\n\n\n\n<div class=\"wp-block-uagb-container uagb-block-cffc8856 alignfull uagb-is-root-container\"><div class=\"uagb-container-inner-blocks-wrap\">\n<div class=\"wp-block-uagb-container uagb-block-c2a0e57a alignfull uagb-is-root-container\"><div class=\"uagb-container-inner-blocks-wrap\">\n<div class=\"wp-block-uagb-advanced-heading uagb-block-25abdf5c\"><h2 class=\"uagb-heading-text\">Verpflichtung zu Integrit\u00e4t, Spitzenleistung und Leidenschaft in allem, was wir tun<\/h2><div class=\"uagb-separator\"><\/div><\/div>\n\n\n\n<div class=\"wp-block-uagb-container uagb-block-0059a27c\">\n<div class=\"wp-block-uagb-advanced-heading uagb-block-7a85a627\"><div class=\"uagb-heading-text\">Grundwerte<\/div><\/div>\n\n\n\n<div class=\"wp-block-uagb-info-box uagb-block-25d028a9 uagb-infobox__content-wrap  uagb-infobox-icon-left uagb-infobox-left uagb-infobox-image-valign-top\"><div class=\"uagb-ifb-content\"><div class=\"uagb-ifb-title-wrap\"><p class=\"uagb-ifb-title-prefix\">Wir streben nach Exzellenz durch Kreativit\u00e4t und Innovation und sorgen daf\u00fcr, dass jede Erfahrung unser Engagement f\u00fcr Qualit\u00e4t und Professionalit\u00e4t in der Welt des Sports widerspiegelt.<\/p><p class=\"uagb-ifb-title\">Unsere Ethik basiert auf Transparenz, Respekt und Zusammenarbeit. Wir stellen die Bed\u00fcrfnisse unserer Athleten und Partner in den Vordergrund und f\u00f6rdern gleichzeitig ein unterst\u00fctzendes Umfeld.<\/p><\/div><p class=\"uagb-ifb-desc\">Wir legen Wert auf Teamarbeit und kontinuierliche Verbesserung und ermutigen unser Team und unsere Partner, ihre Leistung zu steigern und ihre Ziele zu erreichen.<\/p><\/div><\/div>\n\n\n\n<div class=\"wp-block-uagb-advanced-heading uagb-block-fd411a86\"><h3 class=\"uagb-heading-text\">Leitprinzipien, die unsere Gesch\u00e4ftst\u00e4tigkeit und Kultur bestimmen<\/h3><\/div>\n<\/div>\n<\/div><\/div>\n<\/div><\/div>\n\n\n\n<div class=\"wp-block-uagb-container uagb-block-65ad5edb alignfull uagb-is-root-container\"><div class=\"uagb-container-inner-blocks-wrap\">\n<div class=\"wp-block-uagb-container uagb-block-b1e83b7a alignfull uagb-is-root-container\"><div class=\"uagb-container-inner-blocks-wrap\">\n<div class=\"wp-block-uagb-advanced-heading uagb-block-2d8f73e1\"><h2 class=\"uagb-heading-text\">Begleite uns in die spannende Welt des Sports<\/h2><\/div>\n<\/div><\/div>\n<\/div><\/div>\n\n\n\n<p><\/p>","protected":false},"excerpt":{"rendered":"<p>Industry Leadership Recognised as a leading promoter in the Tillotson T4 Racing Series across Southeast Europe. Athlete Management Successfully managing [&hellip;]<\/p>","protected":false},"author":5,"featured_media":0,"parent":0,"menu_order":0,"comment_status":"closed","ping_status":"closed","template":"","meta":{"_uag_custom_page_level_css":"","site-sidebar-layout":"no-sidebar","site-content-layout":"","ast-site-content-layout":"normal-width-container","site-content-style":"default","site-sidebar-style":"default","ast-global-header-display":"","ast-banner-title-visibility":"","ast-main-header-display":"","ast-hfb-above-header-display":"","ast-hfb-below-header-display":"","ast-hfb-mobile-header-display":"","site-post-title":"disabled","ast-breadcrumbs-content":"","ast-featured-img":"","footer-sml-layout":"","ast-disable-related-posts":"","theme-transparent-header-meta":"","adv-header-id-meta":"","stick-header-meta":"","header-above-stick-meta":"","header-main-stick-meta":"","header-below-stick-meta":"","astra-migrate-meta-layouts":"default","ast-page-background-enabled":"default","ast-page-background-meta":{"desktop":{"background-color":"var(--ast-global-color-4)","background-image":"","background-repeat":"repeat","background-position":"center center","background-size":"auto","background-attachment":"scroll","background-type":"","background-media":"","overlay-type":"","overlay-color":"","overlay-opacity":"","overlay-gradient":""},"tablet":{"background-color":"","background-image":"","background-repeat":"repeat","background-position":"center center","background-size":"auto","background-attachment":"scroll","background-type":"","background-media":"","overlay-type":"","overlay-color":"","overlay-opacity":"","overlay-gradient":""},"mobile":{"background-color":"","background-image":"","background-repeat":"repeat","background-position":"center center","background-size":"auto","background-attachment":"scroll","background-type":"","background-media":"","overlay-type":"","overlay-color":"","overlay-opacity":"","overlay-gradient":""}},"ast-content-background-meta":{"desktop":{"background-color":"var(--ast-global-color-5)","background-image":"","background-repeat":"repeat","background-position":"center center","background-size":"auto","background-attachment":"scroll","background-type":"","background-media":"","overlay-type":"","overlay-color":"","overlay-opacity":"","overlay-gradient":""},"tablet":{"background-color":"var(--ast-global-color-5)","background-image":"","background-repeat":"repeat","background-position":"center center","background-size":"auto","background-attachment":"scroll","background-type":"","background-media":"","overlay-type":"","overlay-color":"","overlay-opacity":"","overlay-gradient":""},"mobile":{"background-color":"var(--ast-global-color-5)","background-image":"","background-repeat":"repeat","background-position":"center center","background-size":"auto","background-attachment":"scroll","background-type":"","background-media":"","overlay-type":"","overlay-color":"","overlay-opacity":"","overlay-gradient":""}},"footnotes":""},"class_list":["post-12","page","type-page","status-publish","hentry"],"uagb_featured_image_src":{"full":false,"thumbnail":false,"medium":false,"medium_large":false,"large":false,"1536x1536":false,"2048x2048":false,"trp-custom-language-flag":false},"uagb_author_info":{"display_name":"Gil R","author_link":"https:\/\/fanatic-sports.com\/de\/author\/ezj4emaojuy5\/"},"uagb_comment_info":0,"uagb_excerpt":"Industry Leadership Recognised as a leading promoter in the Tillotson T4 Racing Series across Southeast Europe. Athlete Management Successfully managing [&hellip;]","_links":{"self":[{"href":"https:\/\/fanatic-sports.com\/de\/wp-json\/wp\/v2\/pages\/12","targetHints":{"allow":["GET"]}}],"collection":[{"href":"https:\/\/fanatic-sports.com\/de\/wp-json\/wp\/v2\/pages"}],"about":[{"href":"https:\/\/fanatic-sports.com\/de\/wp-json\/wp\/v2\/types\/page"}],"author":[{"embeddable":true,"href":"https:\/\/fanatic-sports.com\/de\/wp-json\/wp\/v2\/users\/5"}],"replies":[{"embeddable":true,"href":"https:\/\/fanatic-sports.com\/de\/wp-json\/wp\/v2\/comments?post=12"}],"version-history":[{"count":9,"href":"https:\/\/fanatic-sports.com\/de\/wp-json\/wp\/v2\/pages\/12\/revisions"}],"predecessor-version":[{"id":1660,"href":"https:\/\/fanatic-sports.com\/de\/wp-json\/wp\/v2\/pages\/12\/revisions\/1660"}],"wp:attachment":[{"href":"https:\/\/fanatic-sports.com\/de\/wp-json\/wp\/v2\/media?parent=12"}],"curies":[{"name":"wp","href":"https:\/\/api.w.org\/{rel}","templated":true}]}}