{"id":14,"date":"2025-10-09T21:05:44","date_gmt":"2025-10-09T21:05:44","guid":{"rendered":"https:\/\/fanatic-sports.com\/?page_id=14"},"modified":"2026-02-11T01:16:05","modified_gmt":"2026-02-11T00:16:05","slug":"services","status":"publish","type":"page","link":"https:\/\/fanatic-sports.com\/de\/services\/","title":{"rendered":"Leistungen"},"content":{"rendered":"<div class=\"wp-block-uagb-container uagb-block-259e360b alignfull uagb-is-root-container\"><div class=\"uagb-container-inner-blocks-wrap\">\n<div class=\"wp-block-uagb-info-box uagb-block-1f8d3237 uagb-infobox__content-wrap  uagb-infobox-icon-above-title uagb-infobox-image-valign-top\"><div class=\"uagb-ifb-content\"><div class=\"uagb-ifb-title-wrap\"><span class=\"uagb-ifb-title-prefix\">Unser Fachwissen<\/span><h1 class=\"uagb-ifb-title\">Leistungsstarke L\u00f6sungen f\u00fcr Sport Fanatics<\/h1><\/div><\/div><\/div>\n\n\n\n<figure class=\"wp-block-image size-full is-resized\"><img loading=\"lazy\" decoding=\"async\" width=\"960\" height=\"640\" src=\"https:\/\/fanatic-sports.com\/wp-content\/uploads\/2025\/10\/SSP_9431.jpeg\" alt=\"ssp 9431\" class=\"wp-image-1367\" style=\"width:1194px;height:auto\" title=\"Leistungen\" srcset=\"https:\/\/fanatic-sports.com\/wp-content\/uploads\/2025\/10\/SSP_9431.jpeg 960w, https:\/\/fanatic-sports.com\/wp-content\/uploads\/2025\/10\/SSP_9431-300x200.jpeg 300w, https:\/\/fanatic-sports.com\/wp-content\/uploads\/2025\/10\/SSP_9431-768x512.jpeg 768w\" sizes=\"auto, (max-width: 960px) 100vw, 960px\" \/><\/figure>\n<\/div><\/div>\n\n\n\n<div class=\"wp-block-uagb-container uagb-block-88915b9b alignfull uagb-is-root-container\"><div class=\"uagb-container-inner-blocks-wrap\">\n<div class=\"wp-block-uagb-info-box uagb-block-8abb1f8c uagb-infobox__content-wrap  uagb-infobox-icon-above-title uagb-infobox-image-valign-top\"><div class=\"uagb-ifb-content\"><div class=\"uagb-ifb-separator\"><\/div><div class=\"uagb-ifb-title-wrap\"><h2 class=\"uagb-ifb-title\">Umfassende L\u00f6sungen f\u00fcr jeden Athleten<\/h2><\/div><\/div><\/div>\n\n\n\n<div class=\"wp-block-uagb-container uagb-block-73eb7b15\">\n<div class=\"wp-block-uagb-container uagb-block-52df7f6d\">\n<div class=\"wp-block-uagb-container uagb-block-81e1d008\">\n<div class=\"wp-block-uagb-info-box uagb-block-a9cd3cc3 uagb-infobox__content-wrap  uagb-infobox-icon-above-title uagb-infobox-image-valign-top\"><div class=\"uagb-ifb-content\"><div class=\"uagb-ifb-title-wrap\"><h3 class=\"uagb-ifb-title\">Motorsport Management<\/h3><\/div><p class=\"uagb-ifb-desc\">Fanatic Sports zeichnet sich durch die Organisation von Motorsportveranstaltungen aus, von der Ausrichtung kompletter Rennwochenenden bis hin zur F\u00f6rderung von Fahrern. Unser Fahrerprogramm bietet logistische Unterst\u00fctzung und strukturiert den Wettbewerb, um allen Teilnehmern und Fans ein spannendes Erlebnis zu garantieren.  <\/p><div class=\"uagb-ifb-button-wrapper wp-block-button\"><a href=\"\/de\/contact\/\" class=\"uagb-infobox-cta-link wp-block-button__link\" target=\"_self\" rel=\"noopener noreferrer\" onclick=\"return true;\"><span class=\"uagb-inline-editing\">Learn More<\/span><\/a><\/div><\/div><\/div>\n<\/div>\n\n\n\n<div class=\"wp-block-uagb-container uagb-block-ea2f9108\">\n<div class=\"wp-block-uagb-image alignleft uagb-block-a54eb0d0 wp-block-uagb-image--layout-default wp-block-uagb-image--effect-static wp-block-uagb-image--align-left\"><figure class=\"wp-block-uagb-image__figure\"><img decoding=\"async\" srcset=\"https:\/\/fanatic-sports.com\/wp-content\/uploads\/2026\/02\/StuStrettonPhotoT4NC25-SS3_0263sun-SENIOR-1-1024x682.jpg ,https:\/\/fanatic-sports.com\/wp-content\/uploads\/2026\/02\/StuStrettonPhotoT4NC25-SS3_0263sun-SENIOR-1-scaled.jpg 780w, https:\/\/fanatic-sports.com\/wp-content\/uploads\/2026\/02\/StuStrettonPhotoT4NC25-SS3_0263sun-SENIOR-1-scaled.jpg 360w\" sizes=\"auto, (max-width: 480px) 150px\" src=\"https:\/\/fanatic-sports.com\/wp-content\/uploads\/2026\/02\/StuStrettonPhotoT4NC25-SS3_0263sun-SENIOR-1-1024x682.jpg\" alt=\"stustrettonphotot4nc25 ss3 0263sun senior\" class=\"uag-image-1664\" width=\"600\" height=\"420\" title=\"stustrettonphotot4nc25 ss3 0263sun senior\" loading=\"lazy\" role=\"img\"\/><\/figure><\/div>\n<\/div>\n<\/div>\n\n\n\n<div class=\"wp-block-uagb-container uagb-block-415bb029\">\n<div class=\"wp-block-uagb-container uagb-block-2d95e7f7\">\n<div class=\"wp-block-uagb-image alignleft uagb-block-d91d06bd wp-block-uagb-image--layout-default wp-block-uagb-image--effect-static wp-block-uagb-image--align-left\"><figure class=\"wp-block-uagb-image__figure\"><img decoding=\"async\" srcset=\"https:\/\/fanatic-sports.com\/wp-content\/uploads\/2026\/02\/JE2_5250-1-1024x682.jpg ,https:\/\/fanatic-sports.com\/wp-content\/uploads\/2026\/02\/JE2_5250-1-scaled.jpg 780w, https:\/\/fanatic-sports.com\/wp-content\/uploads\/2026\/02\/JE2_5250-1-scaled.jpg 360w\" sizes=\"auto, (max-width: 480px) 150px\" src=\"https:\/\/fanatic-sports.com\/wp-content\/uploads\/2026\/02\/JE2_5250-1-1024x682.jpg\" alt=\"je2 5250 (1)\" class=\"uag-image-1654\" width=\"600\" height=\"420\" title=\"je2 5250 (1)\" loading=\"lazy\" role=\"img\"\/><\/figure><\/div>\n<\/div>\n\n\n\n<div class=\"wp-block-uagb-container uagb-block-d3affa90\">\n<div class=\"wp-block-uagb-info-box uagb-block-d38f1ac5 uagb-infobox__content-wrap  uagb-infobox-icon-above-title uagb-infobox-image-valign-top\"><div class=\"uagb-ifb-content\"><div class=\"uagb-ifb-title-wrap\"><h3 class=\"uagb-ifb-title\">Ausr\u00fcstungs Support<\/h3><\/div><p class=\"uagb-ifb-desc\">Unsere Athletenmanagement-Dienstleistungen sind darauf zugeschnitten, Talente zu f\u00f6rdern und weiterzuentwickeln. Wir unterst\u00fctzen Sportler bei ihrer Karriereentwicklung, ihrem Marketing und ihren Sponsoring-M\u00f6glichkeiten und schlie\u00dfen so die L\u00fccke zwischen Ambitionen und Erfolg in der wettbewerbsorientierten Sportwelt.<\/p><div class=\"uagb-ifb-button-wrapper wp-block-button\"><a href=\"\/de\/contact\/\" class=\"uagb-infobox-cta-link wp-block-button__link\" target=\"_self\" rel=\"noopener noreferrer\" onclick=\"return true;\"><span class=\"uagb-inline-editing\">Learn More<\/span><\/a><\/div><\/div><\/div>\n<\/div>\n<\/div>\n\n\n\n<div class=\"wp-block-uagb-container uagb-block-8f232885\">\n<div class=\"wp-block-uagb-container uagb-block-c06802bb\">\n<div class=\"wp-block-uagb-info-box uagb-block-74867362 uagb-infobox__content-wrap  uagb-infobox-icon-above-title uagb-infobox-image-valign-top\"><div class=\"uagb-ifb-content\"><div class=\"uagb-ifb-title-wrap\"><h3 class=\"uagb-ifb-title\">Event Koordination<\/h3><\/div><p class=\"uagb-ifb-desc\">Fanatic Sports entwickelt ma\u00dfgeschneiderte Veranstaltungen, die Teamwork und Motivation f\u00f6rdern. Von Kart-Wettbewerben bis hin zu exklusiven Golfausfl\u00fcgen verbinden unsere Veranstaltungen Sport und Networking und bieten einzigartige Erlebnisse, die zu H\u00f6chstleistungen inspirieren und dauerhafte berufliche Beziehungen aufbauen.<\/p><div class=\"uagb-ifb-button-wrapper wp-block-button\"><a href=\"\/de\/contact\/\" class=\"uagb-infobox-cta-link wp-block-button__link\" target=\"_self\" rel=\"noopener noreferrer\" onclick=\"return true;\"><span class=\"uagb-inline-editing\">Learn More<\/span><\/a><\/div><\/div><\/div>\n<\/div>\n\n\n\n<div class=\"wp-block-uagb-container uagb-block-46ad2123\">\n<div class=\"wp-block-uagb-image alignleft uagb-block-79a56dde wp-block-uagb-image--layout-default wp-block-uagb-image--effect-static wp-block-uagb-image--align-left\"><figure class=\"wp-block-uagb-image__figure\"><img decoding=\"async\" srcset=\"https:\/\/fanatic-sports.com\/wp-content\/uploads\/2025\/10\/tillotson-133.jpg ,https:\/\/fanatic-sports.com\/wp-content\/uploads\/2025\/10\/tillotson-133.jpg 780w, https:\/\/fanatic-sports.com\/wp-content\/uploads\/2025\/10\/tillotson-133.jpg 360w\" sizes=\"auto, (max-width: 480px) 150px\" src=\"https:\/\/fanatic-sports.com\/wp-content\/uploads\/2025\/10\/tillotson-133.jpg\" alt=\"tillotson-133\" class=\"uag-image-1351\" width=\"600\" height=\"420\" title=\"Leistungen\" loading=\"lazy\" role=\"img\"><\/figure><\/div>\n<\/div>\n<\/div>\n<\/div>\n<\/div><\/div>\n\n\n\n<div class=\"wp-block-uagb-container uagb-block-65ad5edb alignfull uagb-is-root-container\"><div class=\"uagb-container-inner-blocks-wrap\">\n<div class=\"wp-block-uagb-container uagb-block-b1e83b7a alignfull uagb-is-root-container\"><div class=\"uagb-container-inner-blocks-wrap\">\n<div class=\"wp-block-uagb-advanced-heading uagb-block-2d8f73e1\"><h2 class=\"uagb-heading-text\">Begleite uns in die spannende Welt des Sports<\/h2><\/div>\n\n\n\n<div class=\"wp-block-uagb-buttons uagb-buttons__outer-wrap uagb-btn__default-btn uagb-btn-tablet__default-btn uagb-btn-mobile__default-btn uagb-block-0c39ccc0\"><div class=\"uagb-buttons__wrap uagb-buttons-layout-wrap\">\n<div class=\"wp-block-uagb-buttons-child uagb-buttons__outer-wrap uagb-block-c19b5285 wp-block-button\"><div class=\"uagb-button__wrapper\"><a class=\"uagb-buttons-repeater wp-block-button__link\" aria-label=\"\" href=\"#\" rel=\"follow noopener\" target=\"_self\" role=\"button\"><div class=\"uagb-button__link\">Click Here<\/div><\/a><\/div><\/div>\n<\/div><\/div>\n<\/div><\/div>\n<\/div><\/div>","protected":false},"excerpt":{"rendered":"<p>Begleite uns in die spannende Welt des Sports<\/p>","protected":false},"author":5,"featured_media":0,"parent":0,"menu_order":0,"comment_status":"closed","ping_status":"closed","template":"","meta":{"_uag_custom_page_level_css":"","site-sidebar-layout":"default","site-content-layout":"","ast-site-content-layout":"default","site-content-style":"default","site-sidebar-style":"default","ast-global-header-display":"","ast-banner-title-visibility":"","ast-main-header-display":"","ast-hfb-above-header-display":"","ast-hfb-below-header-display":"","ast-hfb-mobile-header-display":"","site-post-title":"disabled","ast-breadcrumbs-content":"","ast-featured-img":"","footer-sml-layout":"","ast-disable-related-posts":"","theme-transparent-header-meta":"","adv-header-id-meta":"","stick-header-meta":"","header-above-stick-meta":"","header-main-stick-meta":"","header-below-stick-meta":"","astra-migrate-meta-layouts":"default","ast-page-background-enabled":"default","ast-page-background-meta":{"desktop":{"background-color":"var(--ast-global-color-4)","background-image":"","background-repeat":"repeat","background-position":"center center","background-size":"auto","background-attachment":"scroll","background-type":"","background-media":"","overlay-type":"","overlay-color":"","overlay-opacity":"","overlay-gradient":""},"tablet":{"background-color":"","background-image":"","background-repeat":"repeat","background-position":"center center","background-size":"auto","background-attachment":"scroll","background-type":"","background-media":"","overlay-type":"","overlay-color":"","overlay-opacity":"","overlay-gradient":""},"mobile":{"background-color":"","background-image":"","background-repeat":"repeat","background-position":"center center","background-size":"auto","background-attachment":"scroll","background-type":"","background-media":"","overlay-type":"","overlay-color":"","overlay-opacity":"","overlay-gradient":""}},"ast-content-background-meta":{"desktop":{"background-color":"var(--ast-global-color-5)","background-image":"","background-repeat":"repeat","background-position":"center center","background-size":"auto","background-attachment":"scroll","background-type":"","background-media":"","overlay-type":"","overlay-color":"","overlay-opacity":"","overlay-gradient":""},"tablet":{"background-color":"var(--ast-global-color-5)","background-image":"","background-repeat":"repeat","background-position":"center center","background-size":"auto","background-attachment":"scroll","background-type":"","background-media":"","overlay-type":"","overlay-color":"","overlay-opacity":"","overlay-gradient":""},"mobile":{"background-color":"var(--ast-global-color-5)","background-image":"","background-repeat":"repeat","background-position":"center center","background-size":"auto","background-attachment":"scroll","background-type":"","background-media":"","overlay-type":"","overlay-color":"","overlay-opacity":"","overlay-gradient":""}},"footnotes":""},"class_list":["post-14","page","type-page","status-publish","hentry"],"uagb_featured_image_src":{"full":false,"thumbnail":false,"medium":false,"medium_large":false,"large":false,"1536x1536":false,"2048x2048":false,"trp-custom-language-flag":false},"uagb_author_info":{"display_name":"Gil R","author_link":"https:\/\/fanatic-sports.com\/de\/author\/ezj4emaojuy5\/"},"uagb_comment_info":0,"uagb_excerpt":"Join Us in the Exciting World of Sports","_links":{"self":[{"href":"https:\/\/fanatic-sports.com\/de\/wp-json\/wp\/v2\/pages\/14","targetHints":{"allow":["GET"]}}],"collection":[{"href":"https:\/\/fanatic-sports.com\/de\/wp-json\/wp\/v2\/pages"}],"about":[{"href":"https:\/\/fanatic-sports.com\/de\/wp-json\/wp\/v2\/types\/page"}],"author":[{"embeddable":true,"href":"https:\/\/fanatic-sports.com\/de\/wp-json\/wp\/v2\/users\/5"}],"replies":[{"embeddable":true,"href":"https:\/\/fanatic-sports.com\/de\/wp-json\/wp\/v2\/comments?post=14"}],"version-history":[{"count":12,"href":"https:\/\/fanatic-sports.com\/de\/wp-json\/wp\/v2\/pages\/14\/revisions"}],"predecessor-version":[{"id":1665,"href":"https:\/\/fanatic-sports.com\/de\/wp-json\/wp\/v2\/pages\/14\/revisions\/1665"}],"wp:attachment":[{"href":"https:\/\/fanatic-sports.com\/de\/wp-json\/wp\/v2\/media?parent=14"}],"curies":[{"name":"wp","href":"https:\/\/api.w.org\/{rel}","templated":true}]}}