{"id":1529,"date":"2025-12-22T17:58:56","date_gmt":"2025-12-22T16:58:56","guid":{"rendered":"https:\/\/fanatic-sports.com\/?page_id=1529"},"modified":"2026-02-24T11:09:03","modified_gmt":"2026-02-24T10:09:03","slug":"events","status":"publish","type":"page","link":"https:\/\/fanatic-sports.com\/de\/events\/","title":{"rendered":"Events"},"content":{"rendered":"<div class=\"wp-block-columns is-layout-flex wp-container-core-columns-is-layout-28f84493 wp-block-columns-is-layout-flex\">\n<div class=\"wp-block-column is-layout-flow wp-block-column-is-layout-flow\">\n<div class=\"wp-block-uagb-image uagb-block-5aa5f94b wp-block-uagb-image--layout-default wp-block-uagb-image--effect-static wp-block-uagb-image--align-none is-style-default\"><figure class=\"wp-block-uagb-image__figure\"><img decoding=\"async\" sizes=\"auto, (max-width: 480px) 150px\" src=\"https:\/\/fanatic-sports.com\/wp-content\/uploads\/2025\/12\/StuStrettonPhoto_1887-edited-1-scaled.jpeg\" alt=\"StuStrettonPhoto 1887 Edited 1 Scaled\" width=\"2560\" height=\"1921\" title=\"Events\" loading=\"lazy\" role=\"img\"><\/figure><\/div>\n<\/div>\n\n\n\n<div class=\"wp-block-column is-layout-flow wp-block-column-is-layout-flow\">\n<h2 class=\"wp-block-heading\">Tillotson T4 Championships<\/h2>\n\n\n\n<p>Die offiziellen Meisterschaften der Tillotson T4 Series im CEE-Raum.<br>Seit zwei Jahren werden die Rennen in Serbien ausgetragen<br>Ab 2026 expandieren wir nach \u00d6sterreich, Kroatien, Slowenien und Bosnien, mit dem Ziel, die Serie bis 2028 in der gesamten Region zu etablieren<br>Zus\u00e4tzlich entsteht gemeinsam mit Veranstaltern der Nachbarl\u00e4nder eine \u00fcberregionale Meisterschaft.<br>Die besten Fahrer qualifizieren sich f\u00fcr den Tillotson Nations Cup in Valencia im Oktober und vertreten dort ihr Land<br>\u2192 <a href=\"https:\/\/t4-racing.com\" target=\"_blank\" rel=\"noreferrer noopener\">More&#8230;<\/a><\/p>\n<\/div>\n<\/div>\n\n\n\n<div class=\"wp-block-columns is-layout-flex wp-container-core-columns-is-layout-28f84493 wp-block-columns-is-layout-flex\">\n<div class=\"wp-block-column is-layout-flow wp-block-column-is-layout-flow\">\n<div class=\"wp-block-uagb-image uagb-block-c02936ed wp-block-uagb-image--layout-default wp-block-uagb-image--effect-static wp-block-uagb-image--align-none\"><figure class=\"wp-block-uagb-image__figure\"><img decoding=\"async\" sizes=\"auto, (max-width: 480px) 150px\" src=\"https:\/\/fanatic-sports.com\/wp-content\/uploads\/2025\/11\/tillotson_2021-103-scaled-1.jpg\" alt=\"Tillotson 2021 103 Scaled 1\" width=\"2560\" height=\"1707\" title=\"Events\" loading=\"lazy\" role=\"img\"><\/figure><\/div>\n<\/div>\n\n\n\n<div class=\"wp-block-column is-layout-flow wp-block-column-is-layout-flow\">\n<h2 class=\"wp-block-heading\">Endurance Cup<\/h2>\n\n\n\n<p>Das neue Rennformat f\u00fcr Corporate Teams:<br>Der Endurance Cup ist eine Rennserie mit vier L\u00e4ufen, bei der Firmenteams exklusiv mit Tillotson T4 Karts gegeneinander antreten<br>Im Mittelpunkt stehen Teamgeist, Strategie und Ausdauer \u2013 jedes Team muss sich im Wechsel der Fahrer und bei Boxenstopps beweisen.<br>Das Format bietet Unternehmen die perfekte Gelegenheit, Mitarbeitende abseits des Alltags zu motivieren und echtes Racing-Feeling zu erleben<br>Fairness und Chancengleichheit stehen dabei genauso im Fokus wie der Spa\u00df am Wettbewerb<br>\u2192 <a href=\"https:\/\/t4-endurance.com\/\" target=\"_blank\" rel=\"noreferrer noopener\">More&#8230;<\/a><\/p>\n<\/div>\n<\/div>\n\n\n\n<div class=\"wp-block-columns is-layout-flex wp-container-core-columns-is-layout-28f84493 wp-block-columns-is-layout-flex\">\n<div class=\"wp-block-column is-layout-flow wp-block-column-is-layout-flow\">\n<div class=\"wp-block-uagb-image uagb-block-c46c810d wp-block-uagb-image--layout-default wp-block-uagb-image--effect-static wp-block-uagb-image--align-none\"><figure class=\"wp-block-uagb-image__figure\"><img decoding=\"async\" srcset=\"https:\/\/fanatic-sports.com\/wp-content\/uploads\/2026\/02\/Screenshot-2026-02-16-165805-1024x630.png ,https:\/\/fanatic-sports.com\/wp-content\/uploads\/2026\/02\/Screenshot-2026-02-16-165805.png 780w, https:\/\/fanatic-sports.com\/wp-content\/uploads\/2026\/02\/Screenshot-2026-02-16-165805.png 360w\" sizes=\"auto, (max-width: 480px) 150px\" src=\"https:\/\/fanatic-sports.com\/wp-content\/uploads\/2026\/02\/Screenshot-2026-02-16-165805-1024x630.png\" alt=\"screenshot 2026 02 16 165805\" class=\"uag-image-1674\" width=\"528\" height=\"238\" title=\"screenshot 2026 02 16 165805\" loading=\"lazy\" role=\"img\"\/><\/figure><\/div>\n<\/div>\n\n\n\n<div class=\"wp-block-column is-layout-flow wp-block-column-is-layout-flow\">\n<h2 class=\"wp-block-heading\">T4 E- Sports<\/h2>\n\n\n\n<p>Die T4 E-Sport Series wurde entwickelt, um die L\u00fccke zwischen virtuellem Racing und realem Motorsport zu schlie\u00dfen. Unsere Meisterschaft schafft ein professionelles und wettbewerbsorientiertes Umfeld f\u00fcr ambitionierte Simracer, die ihr Talent auf einer gr\u00f6\u00dferen B\u00fchne unter Beweis stellen m\u00f6chten. Durch strukturierte Online-Events, Rankings und leistungsbasierte M\u00f6glichkeiten erhalten die schnellsten und konstantesten Fahrer die Chance, vom Simracing in den realen Tillotson-T4-Wettbewerb zu wechseln.<br>Sie ist eine echte Talentplattform. Durch die Verbindung digitaler Performance mit realen Strecken bietet die T4 eSport Series einen klaren und transparenten Weg vom virtuellen Racing auf den echten Asphalt \u2013 und \u00f6ffnet damit die T\u00fcr f\u00fcr die n\u00e4chste Generation von Fahrern<br>\u2192 <a href=\"https:\/\/t4-endurance.com\/\" target=\"_blank\" rel=\"noreferrer noopener\">More&#8230;<\/a><\/p>\n<\/div>\n<\/div>\n\n\n\n<div class=\"wp-block-columns is-layout-flex wp-container-core-columns-is-layout-28f84493 wp-block-columns-is-layout-flex\">\n<div class=\"wp-block-column is-layout-flow wp-block-column-is-layout-flow\">\n<div class=\"wp-block-uagb-image uagb-block-f7494795 wp-block-uagb-image--layout-default wp-block-uagb-image--effect-static wp-block-uagb-image--align-none\"><figure class=\"wp-block-uagb-image__figure\"><img decoding=\"async\" srcset=\"https:\/\/fanatic-sports.com\/wp-content\/uploads\/2025\/10\/tillotson-133-1024x606.jpg ,https:\/\/fanatic-sports.com\/wp-content\/uploads\/2025\/10\/tillotson-133.jpg 780w, https:\/\/fanatic-sports.com\/wp-content\/uploads\/2025\/10\/tillotson-133.jpg 360w\" sizes=\"auto, (max-width: 480px) 150px\" src=\"https:\/\/fanatic-sports.com\/wp-content\/uploads\/2025\/10\/tillotson-133-1024x606.jpg\" alt=\"tillotson-133\" class=\"uag-image-1351\" width=\"800\" height=\"533\" title=\"tillotson-133\" loading=\"lazy\" role=\"img\"\/><\/figure><\/div>\n<\/div>\n\n\n\n<div class=\"wp-block-column is-layout-flow wp-block-column-is-layout-flow\">\n<h2 class=\"wp-block-heading\">Shifter Trophy<\/h2>\n\n\n\n<p>Die Shifter Trophy ist eine Rennserie speziell f\u00fcr Schaltkart-Piloten (Kategorie KZ), bei der der reine Fahrspa\u00df und das Racing-Erlebnis im Mittelpunkt stehen<br>Das innovative Format kombiniert Qualifikationsreifen mit mehreren kurzen Heats pro Event, wodurch abwechslungsreiche und actionreiche Rennwochenenden garantiert sind.<br>Teilnehmen k\u00f6nnen alle ambitionierten Fahrer, die Lust auf intensives Racing und freundschaftlichen Wettbewerb in einer offenen, motivierenden Community haben.<br>Die Shifter Trophy bietet damit eine neue Plattform f\u00fcr Schaltkart-Enthusiasten in der Region.<br>\u2192 <a href=\"https:\/\/shiftertrophy.com\" target=\"_blank\" rel=\"noreferrer noopener\">More&#8230;<\/a><\/p>\n<\/div>\n<\/div>\n\n\n\n<div class=\"wp-block-columns is-layout-flex wp-container-core-columns-is-layout-28f84493 wp-block-columns-is-layout-flex\">\n<div class=\"wp-block-column is-layout-flow wp-block-column-is-layout-flow\">\n<div class=\"wp-block-uagb-image uagb-block-1df3c4ef wp-block-uagb-image--layout-default wp-block-uagb-image--effect-static wp-block-uagb-image--align-none\"><figure class=\"wp-block-uagb-image__figure\"><img decoding=\"async\" srcset=\"https:\/\/fanatic-sports.com\/wp-content\/uploads\/2026\/02\/25.jpg ,https:\/\/fanatic-sports.com\/wp-content\/uploads\/2026\/02\/25.jpg 780w, https:\/\/fanatic-sports.com\/wp-content\/uploads\/2026\/02\/25.jpg 360w\" sizes=\"auto, (max-width: 480px) 150px\" src=\"https:\/\/fanatic-sports.com\/wp-content\/uploads\/2026\/02\/25.jpg\" alt=\"25\" class=\"uag-image-1668\" width=\"1024\" height=\"680\" title=\"25\" loading=\"lazy\" role=\"img\"\/><\/figure><\/div>\n<\/div>\n\n\n\n<div class=\"wp-block-column is-layout-flow wp-block-column-is-layout-flow\">\n<h2 class=\"wp-block-heading\">Skichallenge<\/h2>\n\n\n\n<p>Die Ski Challenge ist ein besonderes Skirennen, das seit 2013 in unregelm\u00e4\u00dfigen Abst\u00e4nden f\u00fcr Freunde, Partner und Sponsoren organisiert und von Fanatic Sports ausgerichtet wird.<br>Das Zwei-Tages-Format orientiert sich am echten Rennablauf: Mit Startnummernauslosung und zwei Durchg\u00e4ngen erleben die Teilnehmer echtes Rennfeeling.<br>Das Besondere: Es handelt sich um ein Gleichm\u00e4\u00dfigkeitsrennen \u2013 der Sieger ist derjenige, der beide L\u00e4ufe am konstantesten absolviert.<br>Zus\u00e4tzlich gibt es Unterkategorien f\u00fcr die schnellsten Zeiten. So kommen sowohl ambitionierte als auch genussorientierte Skifahrer auf ihre Kosten.<br>\u2192 <a href=\"https:\/\/www.ski-challenge.rs\" target=\"_blank\" rel=\"noreferrer noopener\">More&#8230;<\/a><\/p>\n<\/div>\n<\/div>","protected":false},"excerpt":{"rendered":"<p>Tillotson T4 Championships The official championships of the Tillotson T4 Series in the CEE region.For the past two years, the [&hellip;]<\/p>","protected":false},"author":5,"featured_media":0,"parent":0,"menu_order":0,"comment_status":"closed","ping_status":"closed","template":"","meta":{"_uag_custom_page_level_css":"","site-sidebar-layout":"default","site-content-layout":"","ast-site-content-layout":"default","site-content-style":"default","site-sidebar-style":"default","ast-global-header-display":"","ast-banner-title-visibility":"","ast-main-header-display":"","ast-hfb-above-header-display":"","ast-hfb-below-header-display":"","ast-hfb-mobile-header-display":"","site-post-title":"","ast-breadcrumbs-content":"","ast-featured-img":"","footer-sml-layout":"","ast-disable-related-posts":"","theme-transparent-header-meta":"","adv-header-id-meta":"","stick-header-meta":"","header-above-stick-meta":"","header-main-stick-meta":"","header-below-stick-meta":"","astra-migrate-meta-layouts":"default","ast-page-background-enabled":"default","ast-page-background-meta":{"desktop":{"background-color":"var(--ast-global-color-4)","background-image":"","background-repeat":"repeat","background-position":"center center","background-size":"auto","background-attachment":"scroll","background-type":"","background-media":"","overlay-type":"","overlay-color":"","overlay-opacity":"","overlay-gradient":""},"tablet":{"background-color":"","background-image":"","background-repeat":"repeat","background-position":"center center","background-size":"auto","background-attachment":"scroll","background-type":"","background-media":"","overlay-type":"","overlay-color":"","overlay-opacity":"","overlay-gradient":""},"mobile":{"background-color":"","background-image":"","background-repeat":"repeat","background-position":"center center","background-size":"auto","background-attachment":"scroll","background-type":"","background-media":"","overlay-type":"","overlay-color":"","overlay-opacity":"","overlay-gradient":""}},"ast-content-background-meta":{"desktop":{"background-color":"var(--ast-global-color-5)","background-image":"","background-repeat":"repeat","background-position":"center center","background-size":"auto","background-attachment":"scroll","background-type":"","background-media":"","overlay-type":"","overlay-color":"","overlay-opacity":"","overlay-gradient":""},"tablet":{"background-color":"var(--ast-global-color-5)","background-image":"","background-repeat":"repeat","background-position":"center center","background-size":"auto","background-attachment":"scroll","background-type":"","background-media":"","overlay-type":"","overlay-color":"","overlay-opacity":"","overlay-gradient":""},"mobile":{"background-color":"var(--ast-global-color-5)","background-image":"","background-repeat":"repeat","background-position":"center center","background-size":"auto","background-attachment":"scroll","background-type":"","background-media":"","overlay-type":"","overlay-color":"","overlay-opacity":"","overlay-gradient":""}},"footnotes":""},"class_list":["post-1529","page","type-page","status-publish","hentry"],"uagb_featured_image_src":{"full":false,"thumbnail":false,"medium":false,"medium_large":false,"large":false,"1536x1536":false,"2048x2048":false,"trp-custom-language-flag":false},"uagb_author_info":{"display_name":"Gil R","author_link":"https:\/\/fanatic-sports.com\/de\/author\/ezj4emaojuy5\/"},"uagb_comment_info":0,"uagb_excerpt":"Tillotson T4 Championships The official championships of the Tillotson T4 Series in the CEE region.For the past two years, the [&hellip;]","_links":{"self":[{"href":"https:\/\/fanatic-sports.com\/de\/wp-json\/wp\/v2\/pages\/1529","targetHints":{"allow":["GET"]}}],"collection":[{"href":"https:\/\/fanatic-sports.com\/de\/wp-json\/wp\/v2\/pages"}],"about":[{"href":"https:\/\/fanatic-sports.com\/de\/wp-json\/wp\/v2\/types\/page"}],"author":[{"embeddable":true,"href":"https:\/\/fanatic-sports.com\/de\/wp-json\/wp\/v2\/users\/5"}],"replies":[{"embeddable":true,"href":"https:\/\/fanatic-sports.com\/de\/wp-json\/wp\/v2\/comments?post=1529"}],"version-history":[{"count":27,"href":"https:\/\/fanatic-sports.com\/de\/wp-json\/wp\/v2\/pages\/1529\/revisions"}],"predecessor-version":[{"id":1684,"href":"https:\/\/fanatic-sports.com\/de\/wp-json\/wp\/v2\/pages\/1529\/revisions\/1684"}],"wp:attachment":[{"href":"https:\/\/fanatic-sports.com\/de\/wp-json\/wp\/v2\/media?parent=1529"}],"curies":[{"name":"wp","href":"https:\/\/api.w.org\/{rel}","templated":true}]}}