{"id":9,"date":"2025-10-09T21:05:42","date_gmt":"2025-10-09T21:05:42","guid":{"rendered":"https:\/\/fanatic-sports.com\/?page_id=9"},"modified":"2026-02-11T00:51:30","modified_gmt":"2026-02-10T23:51:30","slug":"home","status":"publish","type":"page","link":"https:\/\/fanatic-sports.com\/de\/","title":{"rendered":"Home"},"content":{"rendered":"<div class=\"wp-block-uagb-container uagb-block-259e360b alignfull uagb-is-root-container\"><div class=\"uagb-container-inner-blocks-wrap\">\n<div class=\"wp-block-uagb-info-box uagb-block-1f8d3237 uagb-infobox__content-wrap  uagb-infobox-icon-above-title uagb-infobox-image-valign-top\"><div class=\"uagb-ifb-content\"><div class=\"uagb-ifb-title-wrap\"><span class=\"uagb-ifb-title-prefix\">Entfessele Deine Leidenschaft<\/span><h1 class=\"uagb-ifb-title\">Erlebe den Nervenkitzel des Sports<\/h1><\/div><p class=\"uagb-ifb-desc\">Fanatic Sports organisiert erstklassige Sport- und Firmen Events , die Teams inspirieren, Motivation aufbauen und die Dynamik des Wettkampfes vermitteln<\/p><div class=\"uagb-ifb-button-wrapper wp-block-button\"><a href=\"\/de\/about\/\" class=\"uagb-infobox-cta-link wp-block-button__link\" target=\"_self\" rel=\"noopener noreferrer\" onclick=\"return true;\"><span class=\"uagb-inline-editing\">Get Started<\/span><\/a><\/div><\/div><\/div>\n\n\n\n<div class=\"wp-block-uagb-image alignleft uagb-block-440ed655 wp-block-uagb-image--layout-default wp-block-uagb-image--effect-static wp-block-uagb-image--align-left\"><figure class=\"wp-block-uagb-image__figure\"><img decoding=\"async\" srcset=\"https:\/\/fanatic-sports.com\/wp-content\/uploads\/2025\/10\/unbenannt-1024x681.jpg ,https:\/\/fanatic-sports.com\/wp-content\/uploads\/2025\/10\/unbenannt-scaled.jpg 780w, https:\/\/fanatic-sports.com\/wp-content\/uploads\/2025\/10\/unbenannt-scaled.jpg 360w\" sizes=\"auto, (max-width: 480px) 150px\" src=\"https:\/\/fanatic-sports.com\/wp-content\/uploads\/2025\/10\/unbenannt-1024x681.jpg\" alt=\"unbenannt\" class=\"uag-image-1349\" width=\"1200\" height=\"550\" title=\"unbenannt\" loading=\"lazy\" role=\"img\"\/><\/figure><\/div>\n<\/div><\/div>\n\n\n\n<div class=\"wp-block-uagb-container uagb-block-8eea1311 alignfull uagb-is-root-container\"><div class=\"uagb-container-inner-blocks-wrap\">\n<div class=\"wp-block-uagb-info-box uagb-block-cb120112 uagb-infobox__content-wrap  uagb-infobox-icon-above-title uagb-infobox-image-valign-top\"><div class=\"uagb-ifb-content\"><div class=\"uagb-ifb-title-wrap\"><span class=\"uagb-ifb-title-prefix\">Wer wir sind<\/span><h2 class=\"uagb-ifb-title\">Entdecke Fanatic Sports: Leistung und Innovation neu definiert<\/h2><\/div><\/div><\/div>\n\n\n\n<div class=\"wp-block-uagb-info-box uagb-block-ec13a335 uagb-infobox__content-wrap  uagb-infobox-icon-above-title uagb-infobox-image-valign-top\"><div class=\"uagb-ifb-content\"><div class=\"uagb-ifb-title-wrap\"><p class=\"uagb-ifb-title-prefix\">Fanatic Sports ist ein internationales Sportunternehmen, das sich Spitzenleistungen bei professionellen Veranstaltungen, im Athletenmanagement und im Vertrieb von High-Performance Austr\u00fcstung in \u00d6sterreich und S\u00fcdosteuropa verschreibt.<\/p><p class=\"uagb-ifb-title\">Mit seinem umfangreichen Angebot an Dienstleistungen im Motorsport und im Veranstaltungsbereich zeichnet sich Fanatic Sports durch Innovation und Qualit\u00e4t aus. Das Unternehmen genie\u00dft das Vertrauen f\u00fchrender Marken und wurde f\u00fcr seinen Einfluss auf den regionalen Rennsport mehrfach ausgezeichnet.<\/p><\/div><p class=\"uagb-ifb-desc\">Fanatic Sports vereint Fachwissen und Kreativit\u00e4t und bietet au\u00dfergew\u00f6hnliche Erlebnisse auf und neben der Rennstrecke.<\/p><div class=\"uagb-ifb-button-wrapper wp-block-button\"><a href=\"\/de\/about\/\" class=\"uagb-infobox-cta-link wp-block-button__link\" target=\"_self\" rel=\"noopener noreferrer\" onclick=\"return true;\"><span class=\"uagb-inline-editing\">Learn More<\/span><\/a><\/div><\/div><\/div>\n<\/div><\/div>\n\n\n\n<div class=\"wp-block-uagb-container uagb-block-fb6e1e02 alignfull uagb-is-root-container\"><div class=\"uagb-container-inner-blocks-wrap\"><\/div><\/div>\n\n\n\n<div class=\"wp-block-uagb-container uagb-block-88915b9b alignfull uagb-is-root-container\"><div class=\"uagb-container-inner-blocks-wrap\">\n<div class=\"wp-block-uagb-info-box uagb-block-8abb1f8c uagb-infobox__content-wrap  uagb-infobox-icon-above-title uagb-infobox-image-valign-top\"><div class=\"uagb-ifb-content\"><div class=\"uagb-ifb-separator\"><\/div><div class=\"uagb-ifb-title-wrap\"><h2 class=\"uagb-ifb-title\">Professionelle Dienstleistungen f\u00fcr den Sport <\/h2><\/div><\/div><\/div>\n\n\n\n<div class=\"wp-block-uagb-container uagb-block-47447fd8\">\n<div class=\"wp-block-uagb-container uagb-block-478ecf10\">\n<div class=\"wp-block-uagb-container home-cards uagb-block-0aa7ae77\">\n<div class=\"wp-block-uagb-info-box uagb-block-f633e1fa uagb-infobox__content-wrap  uagb-infobox-icon-above-title uagb-infobox-image-valign-top\"><div class=\"uagb-ifb-content\"><div class=\"uagb-ifb-title-wrap\"><h5 class=\"uagb-ifb-title\">Events &amp; Rennen <\/h5><\/div><p class=\"uagb-ifb-desc\">Veranstalter und Ausrichter von professionellen Motorsportveranstaltungen und Rennserien, darunter die Tillotson T4 Series in \u00d6sterreich und S\u00fcdosteuropa. Wir bieten Fahrern, Teams und Fans sichere und spannende Rennerlebnisse.<br><\/p><div class=\"uagb-ifb-button-wrapper wp-block-button\"><a href=\"\/de\/services\/\" class=\"uagb-infobox-cta-link wp-block-button__link\" target=\"_self\" rel=\"noopener noreferrer\" onclick=\"return true;\"><span class=\"uagb-inline-editing\">Read More<\/span><\/a><\/div><\/div><\/div>\n<\/div>\n\n\n\n<div class=\"wp-block-uagb-container uagb-block-8e9d7ec1\">\n<div class=\"wp-block-uagb-image alignleft uagb-block-0f214b43 wp-block-uagb-image--layout-default wp-block-uagb-image--effect-static wp-block-uagb-image--align-left\"><figure class=\"wp-block-uagb-image__figure\"><img decoding=\"async\" srcset=\"https:\/\/fanatic-sports.com\/wp-content\/uploads\/2026\/02\/StuStrettonPhotoT4NC25-SS2_6729fri-168-1024x682.jpg ,https:\/\/fanatic-sports.com\/wp-content\/uploads\/2026\/02\/StuStrettonPhotoT4NC25-SS2_6729fri-168-scaled.jpg 780w, https:\/\/fanatic-sports.com\/wp-content\/uploads\/2026\/02\/StuStrettonPhotoT4NC25-SS2_6729fri-168-scaled.jpg 360w\" sizes=\"auto, (max-width: 480px) 150px\" src=\"https:\/\/fanatic-sports.com\/wp-content\/uploads\/2026\/02\/StuStrettonPhotoT4NC25-SS2_6729fri-168-1024x682.jpg\" alt=\"stustrettonphotot4nc25 ss2 6729fri 168\" class=\"uag-image-1633\" width=\"384\" height=\"250\" title=\"stustrettonphotot4nc25 ss2 6729fri 168\" loading=\"lazy\" role=\"img\"\/><\/figure><\/div>\n<\/div>\n<\/div>\n\n\n\n<div class=\"wp-block-uagb-container uagb-block-43413333\">\n<div class=\"wp-block-uagb-container uagb-block-87ab48e1\">\n<div class=\"wp-block-uagb-info-box uagb-block-92d79187 uagb-infobox__content-wrap  uagb-infobox-icon-above-title uagb-infobox-image-valign-top\"><div class=\"uagb-ifb-content\"><div class=\"uagb-ifb-title-wrap\"><h5 class=\"uagb-ifb-title\">Equipment<\/h5><\/div><p class=\"uagb-ifb-desc\">Autorisierter H\u00e4ndler f\u00fchrender Motorsportmarken. Wir bieten hochwertige Teile, Rennausr\u00fcstung und technischen Support f\u00fcr Teams und Privatfahrer. Unsere Produkte sind auch \u00fcber unseren Online-Shop erh\u00e4ltlich.<br><\/p><div class=\"uagb-ifb-button-wrapper wp-block-button\"><a href=\"\/de\/services\/\" class=\"uagb-infobox-cta-link wp-block-button__link\" target=\"_self\" rel=\"noopener noreferrer\" onclick=\"return true;\"><span class=\"uagb-inline-editing\">Read More<\/span><\/a><\/div><\/div><\/div>\n<\/div>\n\n\n\n<div class=\"wp-block-uagb-container uagb-block-4b36fee6\">\n<div class=\"wp-block-uagb-image aligncenter uagb-block-9e5313f1 wp-block-uagb-image--layout-default wp-block-uagb-image--effect-static wp-block-uagb-image--align-center alignleft\"><figure class=\"wp-block-uagb-image__figure\"><img decoding=\"async\" srcset=\"https:\/\/fanatic-sports.com\/wp-content\/uploads\/2025\/10\/tillotson-133.jpg ,https:\/\/fanatic-sports.com\/wp-content\/uploads\/2025\/10\/tillotson-133.jpg 780w, https:\/\/fanatic-sports.com\/wp-content\/uploads\/2025\/10\/tillotson-133.jpg 360w\" sizes=\"auto, (max-width: 480px) 150px\" src=\"https:\/\/fanatic-sports.com\/wp-content\/uploads\/2025\/10\/tillotson-133.jpg\" alt=\"tillotson-133\" class=\"uag-image-1351\" width=\"387\" height=\"250\" title=\"Home\" loading=\"lazy\" role=\"img\"><\/figure><\/div>\n<\/div>\n<\/div>\n\n\n\n<div class=\"wp-block-uagb-container uagb-block-a00fcbb5\">\n<div class=\"wp-block-uagb-container uagb-block-dd67e6dc\">\n<div class=\"wp-block-uagb-info-box uagb-block-2976c6a0 uagb-infobox__content-wrap  uagb-infobox-icon-above-title uagb-infobox-image-valign-top\"><div class=\"uagb-ifb-content\"><div class=\"uagb-ifb-title-wrap\"><h5 class=\"uagb-ifb-title\">Management<\/h5><\/div><p class=\"uagb-ifb-desc\">Professionelles Management f\u00fcr Veranstaltungen, Teams und Partnerschaften.<br>Planung, Logistik und Koordination vor Ort f\u00fcr zuverl\u00e4ssige, hochwertige Ergebnisse.<br><br><\/p><div class=\"uagb-ifb-button-wrapper wp-block-button\"><a href=\"\/de\/services\/\" class=\"uagb-infobox-cta-link wp-block-button__link\" target=\"_self\" rel=\"noopener noreferrer\" onclick=\"return true;\"><span class=\"uagb-inline-editing\">Read More<\/span><\/a><\/div><\/div><\/div>\n<\/div>\n\n\n\n<div class=\"wp-block-uagb-container uagb-block-33a681a9\">\n<div class=\"wp-block-uagb-image alignleft uagb-block-7d22ae2b wp-block-uagb-image--layout-default wp-block-uagb-image--effect-static wp-block-uagb-image--align-left\"><figure class=\"wp-block-uagb-image__figure\"><img decoding=\"async\" srcset=\"https:\/\/fanatic-sports.com\/wp-content\/uploads\/2026\/02\/DSC01409.avif ,https:\/\/fanatic-sports.com\/wp-content\/uploads\/2026\/02\/DSC01409.avif 780w, https:\/\/fanatic-sports.com\/wp-content\/uploads\/2026\/02\/DSC01409.avif 360w\" sizes=\"auto, (max-width: 480px) 150px\" src=\"https:\/\/fanatic-sports.com\/wp-content\/uploads\/2026\/02\/DSC01409.avif\" alt=\"dsc01409\" class=\"uag-image-1624\" width=\"384\" height=\"250\" title=\"dsc01409\" loading=\"lazy\" role=\"img\"\/><\/figure><\/div>\n<\/div>\n<\/div>\n<\/div>\n<\/div><\/div>\n\n\n\n<div class=\"wp-block-uagb-container uagb-block-1d8e81e9 alignfull uagb-is-root-container\"><div class=\"uagb-container-inner-blocks-wrap\">\n<div class=\"wp-block-uagb-info-box uagb-block-57077011 uagb-infobox__content-wrap  uagb-infobox-icon-above-title uagb-infobox-image-valign-top\"><div class=\"uagb-ifb-content\"><div class=\"uagb-ifb-separator\"><\/div><div class=\"uagb-ifb-title-wrap\"><h2 class=\"uagb-ifb-title\">Warum sollten Sie sich f\u00fcr uns entscheiden?<\/h2><\/div><\/div><\/div>\n\n\n\n<div class=\"wp-block-uagb-container uagb-block-370e976d\">\n<div class=\"wp-block-uagb-container uagb-block-f20436d4\">\n<div class=\"wp-block-uagb-info-box uagb-block-9717d7ee uagb-infobox__content-wrap  uagb-infobox-icon-above-title uagb-infobox-image-valign-top\"><div class=\"uagb-ifb-content\"><div class=\"uagb-ifb-title-wrap\"><h3 class=\"uagb-ifb-title\">Kompetenz im Motorsport<\/h3><\/div><p class=\"uagb-ifb-desc\">Leading the regional racing scene.<\/p><div class=\"uagb-ifb-button-wrapper wp-block-button\"><a href=\"\/de\/contact\/\" class=\"uagb-infobox-cta-link wp-block-button__link\" target=\"_self\" rel=\"noopener noreferrer\" onclick=\"return true;\"><span class=\"uagb-inline-editing\">Learn More<\/span><\/a><\/div><\/div><\/div>\n<\/div>\n\n\n\n<div class=\"wp-block-uagb-container uagb-block-29778f95\">\n<div class=\"wp-block-uagb-info-box uagb-block-38e15f1e uagb-infobox__content-wrap  uagb-infobox-icon-above-title uagb-infobox-image-valign-top\"><div class=\"uagb-ifb-content\"><div class=\"uagb-ifb-title-wrap\"><h3 class=\"uagb-ifb-title\">Ma\u00dfgeschneiderte Veranstaltungen<\/h3><\/div><p class=\"uagb-ifb-desc\">Ansprechende Erlebnisse f\u00fcr alle Unternehmen.<\/p><div class=\"uagb-ifb-button-wrapper wp-block-button\"><a href=\"\/de\/contact\/\" class=\"uagb-infobox-cta-link wp-block-button__link\" target=\"_self\" rel=\"noopener noreferrer\" onclick=\"return true;\"><span class=\"uagb-inline-editing\">Learn More<\/span><\/a><\/div><\/div><\/div>\n<\/div>\n\n\n\n<div class=\"wp-block-uagb-container uagb-block-700f776b\">\n<div class=\"wp-block-uagb-info-box uagb-block-04fedf3d uagb-infobox__content-wrap  uagb-infobox-icon-above-title uagb-infobox-image-valign-top\"><div class=\"uagb-ifb-content\"><div class=\"uagb-ifb-title-wrap\"><h3 class=\"uagb-ifb-title\">Hochwertige Produkte<\/h3><\/div><p class=\"uagb-ifb-desc\">Hochleistungsf\u00e4hige Ausr\u00fcstung und Ger\u00e4te.<\/p><div class=\"uagb-ifb-button-wrapper wp-block-button\"><a href=\"\/de\/contact\/\" class=\"uagb-infobox-cta-link wp-block-button__link\" target=\"_self\" rel=\"noopener noreferrer\" onclick=\"return true;\"><span class=\"uagb-inline-editing\">Learn More<\/span><\/a><\/div><\/div><\/div>\n<\/div>\n<\/div>\n<\/div><\/div>\n\n\n\n<div class=\"wp-block-uagb-container uagb-block-65ad5edb alignfull uagb-is-root-container\"><div class=\"uagb-container-inner-blocks-wrap\">\n<div class=\"wp-block-uagb-container uagb-block-b1e83b7a alignfull uagb-is-root-container\"><div class=\"uagb-container-inner-blocks-wrap\">\n<div class=\"wp-block-uagb-advanced-heading uagb-block-2d8f73e1\"><h2 class=\"uagb-heading-text\">Begleite uns in die spannende Welt des Sports<\/h2><\/div>\n\n\n\n<div class=\"wp-block-uagb-buttons uagb-buttons__outer-wrap uagb-btn__default-btn uagb-btn-tablet__default-btn uagb-btn-mobile__default-btn uagb-block-0c39ccc0\"><div class=\"uagb-buttons__wrap uagb-buttons-layout-wrap\">\n<div class=\"wp-block-uagb-buttons-child uagb-buttons__outer-wrap uagb-block-d4223c51 wp-block-button\"><div class=\"uagb-button__wrapper\"><a class=\"uagb-buttons-repeater wp-block-button__link\" aria-label=\"\" href=\"#\" rel=\"follow noopener\" target=\"_self\" role=\"button\"><div class=\"uagb-button__link\">Click Here<\/div><\/a><\/div><\/div>\n<\/div><\/div>\n<\/div><\/div>\n<\/div><\/div>\n\n\n\n<div class=\"wp-block-uagb-image uagb-block-2243a96f wp-block-uagb-image--layout-default wp-block-uagb-image--effect-static wp-block-uagb-image--align-none\"><figure class=\"wp-block-uagb-image__figure\"><\/figure><\/div>","protected":false},"excerpt":{"rendered":"<p>Begleite uns in die spannende Welt des Sports<\/p>","protected":false},"author":5,"featured_media":0,"parent":0,"menu_order":0,"comment_status":"closed","ping_status":"closed","template":"","meta":{"_uag_custom_page_level_css":"","site-sidebar-layout":"default","site-content-layout":"","ast-site-content-layout":"normal-width-container","site-content-style":"default","site-sidebar-style":"default","ast-global-header-display":"","ast-banner-title-visibility":"","ast-main-header-display":"","ast-hfb-above-header-display":"","ast-hfb-below-header-display":"","ast-hfb-mobile-header-display":"","site-post-title":"disabled","ast-breadcrumbs-content":"","ast-featured-img":"","footer-sml-layout":"","ast-disable-related-posts":"","theme-transparent-header-meta":"default","adv-header-id-meta":"","stick-header-meta":"","header-above-stick-meta":"","header-main-stick-meta":"","header-below-stick-meta":"","astra-migrate-meta-layouts":"default","ast-page-background-enabled":"default","ast-page-background-meta":{"desktop":{"background-color":"var(--ast-global-color-4)","background-image":"","background-repeat":"repeat","background-position":"center center","background-size":"auto","background-attachment":"scroll","background-type":"","background-media":"","overlay-type":"","overlay-color":"","overlay-opacity":"","overlay-gradient":""},"tablet":{"background-color":"","background-image":"","background-repeat":"repeat","background-position":"center center","background-size":"auto","background-attachment":"scroll","background-type":"","background-media":"","overlay-type":"","overlay-color":"","overlay-opacity":"","overlay-gradient":""},"mobile":{"background-color":"","background-image":"","background-repeat":"repeat","background-position":"center center","background-size":"auto","background-attachment":"scroll","background-type":"","background-media":"","overlay-type":"","overlay-color":"","overlay-opacity":"","overlay-gradient":""}},"ast-content-background-meta":{"desktop":{"background-color":"var(--ast-global-color-5)","background-image":"","background-repeat":"repeat","background-position":"center center","background-size":"auto","background-attachment":"scroll","background-type":"","background-media":"","overlay-type":"","overlay-color":"","overlay-opacity":"","overlay-gradient":""},"tablet":{"background-color":"var(--ast-global-color-5)","background-image":"","background-repeat":"repeat","background-position":"center center","background-size":"auto","background-attachment":"scroll","background-type":"","background-media":"","overlay-type":"","overlay-color":"","overlay-opacity":"","overlay-gradient":""},"mobile":{"background-color":"var(--ast-global-color-5)","background-image":"","background-repeat":"repeat","background-position":"center center","background-size":"auto","background-attachment":"scroll","background-type":"","background-media":"","overlay-type":"","overlay-color":"","overlay-opacity":"","overlay-gradient":""}},"footnotes":""},"class_list":["post-9","page","type-page","status-publish","hentry"],"uagb_featured_image_src":{"full":false,"thumbnail":false,"medium":false,"medium_large":false,"large":false,"1536x1536":false,"2048x2048":false,"trp-custom-language-flag":false},"uagb_author_info":{"display_name":"Gil R","author_link":"https:\/\/fanatic-sports.com\/de\/author\/ezj4emaojuy5\/"},"uagb_comment_info":0,"uagb_excerpt":"Join Us in the Exciting World of Sports","_links":{"self":[{"href":"https:\/\/fanatic-sports.com\/de\/wp-json\/wp\/v2\/pages\/9","targetHints":{"allow":["GET"]}}],"collection":[{"href":"https:\/\/fanatic-sports.com\/de\/wp-json\/wp\/v2\/pages"}],"about":[{"href":"https:\/\/fanatic-sports.com\/de\/wp-json\/wp\/v2\/types\/page"}],"author":[{"embeddable":true,"href":"https:\/\/fanatic-sports.com\/de\/wp-json\/wp\/v2\/users\/5"}],"replies":[{"embeddable":true,"href":"https:\/\/fanatic-sports.com\/de\/wp-json\/wp\/v2\/comments?post=9"}],"version-history":[{"count":39,"href":"https:\/\/fanatic-sports.com\/de\/wp-json\/wp\/v2\/pages\/9\/revisions"}],"predecessor-version":[{"id":1658,"href":"https:\/\/fanatic-sports.com\/de\/wp-json\/wp\/v2\/pages\/9\/revisions\/1658"}],"wp:attachment":[{"href":"https:\/\/fanatic-sports.com\/de\/wp-json\/wp\/v2\/media?parent=9"}],"curies":[{"name":"wp","href":"https:\/\/api.w.org\/{rel}","templated":true}]}}